{"id":12,"date":"2023-02-10T17:59:36","date_gmt":"2023-02-10T17:59:36","guid":{"rendered":"https:\/\/www.salgadoarchitect.com\/previo\/?page_id=12"},"modified":"2023-05-12T18:08:57","modified_gmt":"2023-05-12T18:08:57","slug":"publications","status":"publish","type":"page","link":"https:\/\/www.salgadoarchitect.com\/previo\/publications\/","title":{"rendered":"Publications"},"content":{"rendered":"<p>[vc_row][vc_column width=&#8221;1\/5&#8243;][vc_single_image image=&#8221;368&#8243; img_size=&#8221;500&#215;500&#8243; alignment=&#8221;center&#8221; onclick=&#8221;custom_link&#8221; img_link_target=&#8221;_blank&#8221; link=&#8221;https:\/\/www.novemestonm.cz\/o-meste\/rozvoj-mesta-a-uzemi\/investicni-akce-a-projekty\/plan-a-priprava-investicnich-akci-a-projektu\/kino-70\/vysledky-architektonicke-souteze-o-navrh-kulturni-centrum-kino-70-15271cs.html?fbclid=IwAR0WQB_tzo4ob0_3teQE1RqpiEIojcw2t4bTMnQeGBNfPedyx2rZog_1-9s&#8221;][vc_column_text]01<br \/>\nThe Nov\u00e9 M\u011bsto nad Metuj\u00ed City Council official web site<br \/>\nKino 70 Kulturni Centrum architectural design competition results<br \/>\nNov\u00e9 M\u011bsto, Czech Republic. February 2023<br \/>\n[\/vc_column_text][\/vc_column][vc_column width=&#8221;1\/5&#8243;][vc_single_image image=&#8221;369&#8243; img_size=&#8221;500&#215;500&#8243; alignment=&#8221;center&#8221; onclick=&#8221;custom_link&#8221; img_link_target=&#8221;_blank&#8221; link=&#8221;https:\/\/arqa.com\/comunidad\/obras\/centro-cultural-kino-70\/&#8221;][vc_column_text]02<br \/>\nARQA<br \/>\nMenci\u00f3n Concurso Kulturn\u00ed Centrum Kino 70<br \/>\n2023<br \/>\n[\/vc_column_text][\/vc_column][vc_column width=&#8221;1\/5&#8243;][vc_single_image image=&#8221;370&#8243; img_size=&#8221;500&#215;500&#8243; alignment=&#8221;center&#8221; onclick=&#8221;custom_link&#8221; img_link_target=&#8221;_blank&#8221; link=&#8221;https:\/\/www.salgadoarchitect.com\/previo\/wp-content\/uploads\/2023\/02\/03-Sintesis-Arquitectura-N60-2.pdf&#8221;][vc_column_text]03<br \/>\nSintesis Arquitectura<br \/>\nSpace symmetries. N\u00ba 60. Competitions and awards. Open international competition for alternative layout design in standard housing, Russia.<br \/>\nMadrid 2020<br \/>\n[\/vc_column_text][\/vc_column][vc_column width=&#8221;1\/5&#8243;][vc_single_image image=&#8221;371&#8243; img_size=&#8221;500&#215;500&#8243; alignment=&#8221;center&#8221; onclick=&#8221;custom_link&#8221; img_link_target=&#8221;_blank&#8221; link=&#8221;https:\/\/arquitecturaviva.com\/publications\/av-projects\/dossier-ecosistema-urbano-1&#8243;][vc_column_text]04<br \/>\nAV Arquitectura Viva &#8211; AV Proyectos<br \/>\nDossier Ecosistema Urbano. N\u00ba 92. Alternative Layout Design in Standard Housing, Ra\u00fal Guti\u00e9rrez Salgado<br \/>\nMadrid 2020<br \/>\n[\/vc_column_text][\/vc_column][vc_column width=&#8221;1\/5&#8243;][vc_single_image image=&#8221;372&#8243; img_size=&#8221;500&#215;500&#8243; alignment=&#8221;center&#8221; onclick=&#8221;custom_link&#8221; img_link_target=&#8221;_blank&#8221; link=&#8221;https:\/\/arquitecturaviva.com\/works\/alternative-layout-design-in-standard-housing-raul-gutierrez-salgado-1&#8243;][vc_column_text]04<br \/>\nAV Arquitectura Viva &#8211; AV Proyectos<br \/>\nDossier Ecosistema Urbano. N\u00ba 92. Alternative Layout Design in Standard Housing, Ra\u00fal Guti\u00e9rrez Salgado<br \/>\nMadrid 2020<br \/>\n[\/vc_column_text][\/vc_column][\/vc_row][vc_row][vc_column width=&#8221;1\/5&#8243;][vc_single_image image=&#8221;373&#8243; img_size=&#8221;500&#215;500&#8243; alignment=&#8221;center&#8221; onclick=&#8221;custom_link&#8221; img_link_target=&#8221;_blank&#8221; link=&#8221;https:\/\/www.salgadoarchitect.com\/previo\/wp-content\/uploads\/2023\/02\/05-La-Nueva-Espana.-Vivienda-social-rusa-2.pdf&#8221;][vc_column_text]05<br \/>\nLa Nueva Espa\u00f1a Newspaper<br \/>\nDiseno Ovetense para la Vivienda social rusa<br \/>\nOviedo 2019<br \/>\n[\/vc_column_text][\/vc_column][vc_column width=&#8221;1\/5&#8243;][vc_single_image image=&#8221;374&#8243; img_size=&#8221;500&#215;500&#8243; alignment=&#8221;center&#8221; onclick=&#8221;custom_link&#8221; img_link_target=&#8221;_blank&#8221; link=&#8221;https:\/\/www.archdaily.com\/776380\/martas-house-raul-gutierrez-salgado?ad_medium=gallery&#8221;][vc_column_text]06<br \/>\nArchdaily<br \/>\nMarta\u2019s House. Raul Gutierrez Salgado<br \/>\n2016<br \/>\nMarta&#8217;s House \/ Ra\u00fal Guti\u00e9rrez Salgado | ArchDaily<br \/>\n[\/vc_column_text][\/vc_column][vc_column width=&#8221;1\/5&#8243;][vc_single_image image=&#8221;375&#8243; img_size=&#8221;500&#215;500&#8243; alignment=&#8221;center&#8221; onclick=&#8221;custom_link&#8221; img_link_target=&#8221;_blank&#8221; link=&#8221;https:\/\/grandengineer.ru\/sovremennyj-osobnyak-v-ispanii-ot-raul-gutierrez-salgado\/&#8221;][vc_column_text]<br \/>\n07<br \/>\nGrand Engineer<br \/>\nMarta\u2019s House. Raul Gutierrez Salgado<br \/>\n2016<br \/>\n[\/vc_column_text][\/vc_column][vc_column width=&#8221;1\/5&#8243;][vc_single_image image=&#8221;376&#8243; img_size=&#8221;500&#215;500&#8243; alignment=&#8221;center&#8221; onclick=&#8221;custom_link&#8221; img_link_target=&#8221;_blank&#8221; link=&#8221;http:\/\/www.sintesisarquitectura.com\/edici%C3%B3n-48&#8243;][vc_column_text]08<br \/>\nSintesis Arquitectura<br \/>\nArquitectura sostenible. N\u00ba 48. Competitions and awards. Concurso Internacional Galway Harbor<br \/>\nMadrid 2012<br \/>\n[\/vc_column_text][\/vc_column][vc_column width=&#8221;1\/5&#8243;][vc_single_image image=&#8221;377&#8243; img_size=&#8221;500&#215;500&#8243; alignment=&#8221;center&#8221; onclick=&#8221;custom_link&#8221; link=&#8221;https:\/\/scalae.net\/noticia\/raul-gutierrez-salgado-finalista-en-un-concurso-internacional-en-irlanda&#8221;][vc_column_text]09<br \/>\nScalae Agencia Documental de Arquitectura<br \/>\nRa\u00fal Guti\u00e9rrez Salgado Commended at an International Competition, Ireland<br \/>\n2009<br \/>\n[\/vc_column_text][\/vc_column][\/vc_row][vc_row][vc_column width=&#8221;1\/5&#8243;][vc_single_image image=&#8221;378&#8243; img_size=&#8221;500&#215;500&#8243; alignment=&#8221;center&#8221; onclick=&#8221;custom_link&#8221; link=&#8221;https:\/\/www.lne.es\/oviedo\/2009\/10\/30\/arquitectura-ovetense-pasaporte-21451656.html&#8221;][vc_column_text]10<br \/>\nLa Nueva Espa\u00f1a Newspaper<br \/>\nArquitectura ovetense con pasaporte<br \/>\nOviedo 2009<br \/>\n[\/vc_column_text][\/vc_column][vc_column width=&#8221;1\/5&#8243;][vc_single_image image=&#8221;379&#8243; img_size=&#8221;500&#215;500&#8243; alignment=&#8221;center&#8221; onclick=&#8221;custom_link&#8221; img_link_target=&#8221;_blank&#8221; link=&#8221;https:\/\/xn--d1aqf.xn--p1ai\/urban\/standard-housing\/13\/&#8221;][vc_column_text]11<br \/>\nDOM.RF &#8211; largest financial housing institution in Russia<br \/>\nStandard 18 storey tower design by Raul Gutierrez Salgado<br \/>\nMoscow. 2020<br \/>\n[\/vc_column_text][\/vc_column][vc_column width=&#8221;1\/5&#8243;][vc_single_image image=&#8221;380&#8243; img_size=&#8221;500&#215;500&#8243; alignment=&#8221;center&#8221; onclick=&#8221;custom_link&#8221; img_link_target=&#8221;_blank&#8221; link=&#8221;https:\/\/www.salgadoarchitect.com\/previo\/wp-content\/uploads\/2023\/02\/12-Arquitectum-2-1.pdf&#8221;][vc_column_text]12<br \/>\nARQA<br \/>\nConcurso de Arquitectum Green 360 \u2013 Cerros de Camacho, Menci\u00f3n<br \/>\nLima 2010<br \/>\n[\/vc_column_text][\/vc_column][vc_column width=&#8221;1\/5&#8243;][vc_single_image image=&#8221;381&#8243; img_size=&#8221;500&#215;500&#8243; alignment=&#8221;center&#8221; onclick=&#8221;custom_link&#8221; img_link_target=&#8221;_blank&#8221; link=&#8221;https:\/\/www.salgadoarchitect.com\/previo\/wp-content\/uploads\/2023\/02\/13-DAM-Detsches-Architekturmuseum-2.pdf&#8221;][vc_column_text]13<br \/>\nDAM Detsches Architekturmuseum. Beate Engelhorn. 2007<br \/>\nYoung Americans. New Architecture in the USA. AB Architects with Raul Gutierrez Salgado<br \/>\nBerlin 2007<br \/>\n[\/vc_column_text][\/vc_column][vc_column width=&#8221;1\/5&#8243;][vc_single_image image=&#8221;382&#8243; img_size=&#8221;500&#215;500&#8243; alignment=&#8221;center&#8221; onclick=&#8221;custom_link&#8221; img_link_target=&#8221;_blank&#8221; link=&#8221;https:\/\/www.salgadoarchitect.com\/previo\/wp-content\/uploads\/2023\/02\/14-Abstract-2.pdf&#8221;][vc_column_text]14<br \/>\nThe Columbia University Abstract<br \/>\nThe Graduate School of Architecture, Planning &amp; Preservation 1995 -1996<br \/>\nMS Architecture and Urban Design work: summer, fall and spring semesters.<br \/>\nNew York 1996<br \/>\n[\/vc_column_text][\/vc_column][\/vc_row]<\/p>\n","protected":false},"excerpt":{"rendered":"<p>[vc_row][vc_column width=&#8221;1\/5&#8243;][vc_single_image image=&#8221;368&#8243; img_size=&#8221;500&#215;500&#8243; alignment=&#8221;center&#8221; onclick=&#8221;custom_link&#8221; img_link_target=&#8221;_blank&#8221; link=&#8221;https:\/\/www.novemestonm.cz\/o-meste\/rozvoj-mesta-a-uzemi\/investicni-akce-a-projekty\/plan-a-priprava-investicnich-akci-a-projektu\/kino-70\/vysledky-architektonicke-souteze-o-navrh-kulturni-centrum-kino-70-15271cs.html?fbclid=IwAR0WQB_tzo4ob0_3teQE1RqpiEIojcw2t4bTMnQeGBNfPedyx2rZog_1-9s&#8221;][vc_column_text]01 The Nov\u00e9 M\u011bsto nad Metuj\u00ed City Council official web site Kino 70 Kulturni Centrum architectural design competition results Nov\u00e9 M\u011bsto, Czech Republic. February 2023 [\/vc_column_text][\/vc_column][vc_column width=&#8221;1\/5&#8243;][vc_single_image image=&#8221;369&#8243; img_size=&#8221;500&#215;500&#8243; alignment=&#8221;center&#8221; onclick=&#8221;custom_link&#8221; img_link_target=&#8221;_blank&#8221; link=&#8221;https:\/\/arqa.com\/comunidad\/obras\/centro-cultural-kino-70\/&#8221;][vc_column_text]02 ARQA Menci\u00f3n Concurso Kulturn\u00ed Centrum Kino 70 2023 [\/vc_column_text][\/vc_column][vc_column width=&#8221;1\/5&#8243;][vc_single_image image=&#8221;370&#8243; img_size=&#8221;500&#215;500&#8243; alignment=&#8221;center&#8221; onclick=&#8221;custom_link&#8221; img_link_target=&#8221;_blank&#8221;&hellip;<\/p>\n","protected":false},"author":1,"featured_media":0,"parent":0,"menu_order":0,"comment_status":"closed","ping_status":"closed","template":"","meta":[],"class_list":["post-12","page","type-page","status-publish","hentry","description-off"],"_links":{"self":[{"href":"https:\/\/www.salgadoarchitect.com\/previo\/wp-json\/wp\/v2\/pages\/12","targetHints":{"allow":["GET"]}}],"collection":[{"href":"https:\/\/www.salgadoarchitect.com\/previo\/wp-json\/wp\/v2\/pages"}],"about":[{"href":"https:\/\/www.salgadoarchitect.com\/previo\/wp-json\/wp\/v2\/types\/page"}],"author":[{"embeddable":true,"href":"https:\/\/www.salgadoarchitect.com\/previo\/wp-json\/wp\/v2\/users\/1"}],"replies":[{"embeddable":true,"href":"https:\/\/www.salgadoarchitect.com\/previo\/wp-json\/wp\/v2\/comments?post=12"}],"version-history":[{"count":16,"href":"https:\/\/www.salgadoarchitect.com\/previo\/wp-json\/wp\/v2\/pages\/12\/revisions"}],"predecessor-version":[{"id":367,"href":"https:\/\/www.salgadoarchitect.com\/previo\/wp-json\/wp\/v2\/pages\/12\/revisions\/367"}],"wp:attachment":[{"href":"https:\/\/www.salgadoarchitect.com\/previo\/wp-json\/wp\/v2\/media?parent=12"}],"curies":[{"name":"wp","href":"https:\/\/api.w.org\/{rel}","templated":true}]}}